{"id":35987,"date":"2026-03-16T16:26:35","date_gmt":"2026-03-16T15:26:35","guid":{"rendered":"https:\/\/www.wezet.de\/?post_type=product&#038;p=35987"},"modified":"2026-03-18T16:34:01","modified_gmt":"2026-03-18T15:34:01","slug":"leitzahltraeger-mit-tafelfolie-magnetisch","status":"publish","type":"product","link":"https:\/\/www.wezet.de\/?product=leitzahltraeger-mit-tafelfolie-magnetisch","title":{"rendered":"Leitzahltr\u00e4ger mit Tafelfolie, magnetisch"},"content":{"rendered":"<p>Unsere Leitzahltr\u00e4ger bieten sich als praktisches Kennzeichnungsmittel an. Durch den integrierten Bodenmagnet halten diese auf allen Metallfl\u00e4chen. Die praktischen Wasserablaufl\u00f6cher erm\u00f6glichen Ihnen auch einen Einsatz im Au\u00dfenbereich.<\/p>\n<p>Unsere Leitzahltr\u00e4ger mit Tafelfolie k\u00f6nnen Sie individuell und einfach selbst beschreiben mit Kreide oder Kreidestift und jederzeit umbeschriften.<\/p>\n<p>Hergestellt werden die Leitzahltr\u00e4ger aus strapazierf\u00e4higem Kunststoff.<br \/>\nEin langlebiges Produkt &#8211; Made in Germany!<\/p>\n<p>Die Ma\u00dfe sind wie folgt:<br \/>\nBreite x H\u00f6he x Tiefe: 130 x 75 x 120 mm<\/p>\n<p>VE: 1 St\u00fcck<\/p>\n<p>Wichtiger Hinweis:<br \/>\nDirekte Sonneneinstrahlung angebracht auf dem Autodach vermeiden. Die hohen Temperaturen k\u00f6nnen dazu f\u00fchren, dass der Magnet leichte Abdr\u00fccke auf dem Lack hinterlassen kann. Diese k\u00f6nnen in der Regel mit einem Tuch abgewischt werden, trotzdem empfehlen wir Ihnen, die Leitzahltr\u00e4ger nicht l\u00e4nger den hohen Temperaturen durch direkte Sonneneinstrahlung auszusetzen.<\/p>\n","protected":false},"excerpt":{"rendered":"<ul>\n<li>indviduell beschreibbar<\/li>\n<li>aus strapazierf\u00e4higem Kunststoff<\/li>\n<li>Wasserablaufl\u00f6cher f\u00fcr den Au\u00dfeneinsatz<\/li>\n<li>sicherer Halt bis 60 km\/h durch eingegossenen Bodenmagnet auf Metallfl\u00e4chen<\/li>\n<li>Breite x H\u00f6he x Tiefe: 130 x 75 x 120 mm<\/li>\n<li>VE: ab 1 St\u00fcck<\/li>\n<\/ul>\n","protected":false},"featured_media":35983,"comment_status":"closed","ping_status":"closed","template":"","meta":[],"product_brand":[],"product_cat":[2044],"product_tag":[],"class_list":{"0":"post-35987","1":"product","2":"type-product","3":"status-publish","4":"has-post-thumbnail","6":"product_cat-leitzahltrager","7":"pa_configurator-nein","8":"pa_delivery_time-3_5tage","9":"pa_farbe-blau","10":"pa_farbe-gelb","11":"pa_farbe-grun","12":"pa_farbe-orange","13":"pa_farbe-rot","14":"pa_farbe-schwarz","15":"pa_farbe-weiss","16":"pa_fotolia-nein","18":"first","19":"instock","20":"taxable","21":"shipping-taxable","22":"purchasable","23":"product-type-variable"},"tiered_pricing_type":"fixed","tiered_pricing_fixed_rules":{"5":7.35,"10":7.27,"25":7.02,"50":6.765,"100":6.6,"200":6.345,"500":6.093},"tiered_pricing_product_settings":{"layout":"default","base_unit_name":{"singular":null,"plural":null},"default_variation":null},"tiered_pricing_minimum_quantity":null,"tiered_pricing_roles_data":[],"tiered_pricing_percentage_rules":[],"_links":{"self":[{"href":"https:\/\/www.wezet.de\/index.php?rest_route=\/wp\/v2\/product\/35987","targetHints":{"allow":["GET"]}}],"collection":[{"href":"https:\/\/www.wezet.de\/index.php?rest_route=\/wp\/v2\/product"}],"about":[{"href":"https:\/\/www.wezet.de\/index.php?rest_route=\/wp\/v2\/types\/product"}],"replies":[{"embeddable":true,"href":"https:\/\/www.wezet.de\/index.php?rest_route=%2Fwp%2Fv2%2Fcomments&post=35987"}],"wp:featuredmedia":[{"embeddable":true,"href":"https:\/\/www.wezet.de\/index.php?rest_route=\/wp\/v2\/media\/35983"}],"wp:attachment":[{"href":"https:\/\/www.wezet.de\/index.php?rest_route=%2Fwp%2Fv2%2Fmedia&parent=35987"}],"wp:term":[{"taxonomy":"product_brand","embeddable":true,"href":"https:\/\/www.wezet.de\/index.php?rest_route=%2Fwp%2Fv2%2Fproduct_brand&post=35987"},{"taxonomy":"product_cat","embeddable":true,"href":"https:\/\/www.wezet.de\/index.php?rest_route=%2Fwp%2Fv2%2Fproduct_cat&post=35987"},{"taxonomy":"product_tag","embeddable":true,"href":"https:\/\/www.wezet.de\/index.php?rest_route=%2Fwp%2Fv2%2Fproduct_tag&post=35987"}],"curies":[{"name":"wp","href":"https:\/\/api.w.org\/{rel}","templated":true}]}}