{"id":35952,"date":"2026-03-12T10:28:52","date_gmt":"2026-03-12T09:28:52","guid":{"rendered":"https:\/\/www.wezet.de\/?post_type=product&#038;p=35952"},"modified":"2026-03-13T16:16:14","modified_gmt":"2026-03-13T15:16:14","slug":"leitzahltraeger-mit-magnet-motiv-blitz-symbol-hochvolt","status":"publish","type":"product","link":"https:\/\/www.wezet.de\/?product=leitzahltraeger-mit-magnet-motiv-blitz-symbol-hochvolt","title":{"rendered":"Leitzahltr\u00e4ger mit Magnet, Motiv Blitz-Symbol, Hochvolt"},"content":{"rendered":"<p>Unsere Leitzahltr\u00e4ger bieten sich als praktisches Kennzeichnungsmittel an. Durch den integrierten Bodenmagnet halten diese auf allen Metallfl\u00e4chen. Die praktischen Wasserablaufl\u00f6cher erm\u00f6glichen Ihnen auch einen Einsatz im Au\u00dfenbereich.<\/p>\n<p>Unsere Leitzahltr\u00e4ger mit Blitz-Symbol markieren einfach und schnell auf allen magnetischen Untergr\u00fcndem im t\u00e4glichen Ablauf kenntlich und sichtbar Gefahren durch Stromschlag.<br \/>\nAuch im industriellen Bereich k\u00f6nnen Ihnen unsere Leitzahltr\u00e4ger den Arbeitsablauf sicherer gestalten.<\/p>\n<p>Hergestellt werden die Leitzahltr\u00e4ger aus strapazierf\u00e4higem Kunststoff.<br \/>\nEin langlebiges Produkt &#8211; Made in Germany!<\/p>\n<p>Die Ma\u00dfe sind wie folgt:<br \/>\nBreite x H\u00f6he x Tiefe: 130 x 75 x 120 mm<\/p>\n<p>VE: 1 St\u00fcck<\/p>\n<p>Wichtiger Hinweis:<br \/>\nDirekte Sonneneinstrahlung angebracht auf dem Autodach vermeiden. Die hohen Temperaturen k\u00f6nnen dazu f\u00fchren, dass der Magnet leichte Abdr\u00fccke auf dem Lack hinterlassen kann. Diese k\u00f6nnen in der Regel mit einem Tuch abgewischt werden, trotzdem empfehlen wir Ihnen, die Leitzahltr\u00e4ger nicht l\u00e4nger den hohen Temperaturen durch direkte Sonneneinstrahlung auszusetzen.<\/p>\n","protected":false},"excerpt":{"rendered":"<ul>\n<li>aus strapazierf\u00e4higem Kunststoff<\/li>\n<li>Wasserablaufl\u00f6cher f\u00fcr den Au\u00dfeneinsatz<\/li>\n<li>sicherer Halt bis 60 km\/h durch eingegossenen Bodenmagnet auf Metallfl\u00e4chen<\/li>\n<li>Breite x H\u00f6he x Tiefe: 130 x 75 x 120 mm<\/li>\n<li>VE: 1 St\u00fcck<\/li>\n<\/ul>\n","protected":false},"featured_media":35960,"comment_status":"closed","ping_status":"closed","template":"","meta":[],"product_brand":[],"product_cat":[2044],"product_tag":[],"class_list":{"0":"post-35952","1":"product","2":"type-product","3":"status-publish","4":"has-post-thumbnail","6":"product_cat-leitzahltrager","7":"pa_configurator-nein","8":"pa_delivery_time-3_5tage","9":"pa_farbe-blau","10":"pa_farbe-gelb","11":"pa_farbe-grun","12":"pa_farbe-orange","13":"pa_farbe-rot","14":"pa_farbe-schwarz","15":"pa_farbe-weiss","16":"pa_fotolia-nein","18":"first","19":"instock","20":"taxable","21":"shipping-taxable","22":"purchasable","23":"product-type-variable"},"tiered_pricing_type":"fixed","tiered_pricing_fixed_rules":{"5":11.1,"10":10.7,"25":10.25,"50":10.1,"100":9.95},"tiered_pricing_product_settings":{"layout":"default","base_unit_name":{"singular":null,"plural":null},"default_variation":null},"tiered_pricing_minimum_quantity":null,"tiered_pricing_roles_data":[],"tiered_pricing_percentage_rules":[],"_links":{"self":[{"href":"https:\/\/www.wezet.de\/index.php?rest_route=\/wp\/v2\/product\/35952","targetHints":{"allow":["GET"]}}],"collection":[{"href":"https:\/\/www.wezet.de\/index.php?rest_route=\/wp\/v2\/product"}],"about":[{"href":"https:\/\/www.wezet.de\/index.php?rest_route=\/wp\/v2\/types\/product"}],"replies":[{"embeddable":true,"href":"https:\/\/www.wezet.de\/index.php?rest_route=%2Fwp%2Fv2%2Fcomments&post=35952"}],"wp:featuredmedia":[{"embeddable":true,"href":"https:\/\/www.wezet.de\/index.php?rest_route=\/wp\/v2\/media\/35960"}],"wp:attachment":[{"href":"https:\/\/www.wezet.de\/index.php?rest_route=%2Fwp%2Fv2%2Fmedia&parent=35952"}],"wp:term":[{"taxonomy":"product_brand","embeddable":true,"href":"https:\/\/www.wezet.de\/index.php?rest_route=%2Fwp%2Fv2%2Fproduct_brand&post=35952"},{"taxonomy":"product_cat","embeddable":true,"href":"https:\/\/www.wezet.de\/index.php?rest_route=%2Fwp%2Fv2%2Fproduct_cat&post=35952"},{"taxonomy":"product_tag","embeddable":true,"href":"https:\/\/www.wezet.de\/index.php?rest_route=%2Fwp%2Fv2%2Fproduct_tag&post=35952"}],"curies":[{"name":"wp","href":"https:\/\/api.w.org\/{rel}","templated":true}]}}