{"id":35505,"date":"2023-01-12T20:45:40","date_gmt":"2023-01-12T19:45:40","guid":{"rendered":"http:\/\/wezet.wezet.jit-creatives.de\/?post_type=product&#038;p=35505"},"modified":"2023-01-12T20:48:02","modified_gmt":"2023-01-12T19:48:02","slug":"leitzahlhaenger-beschriftet-beidseitig-bis-zu-2-stellig-2","status":"publish","type":"product","link":"https:\/\/www.wezet.de\/?product=leitzahlhaenger-beschriftet-beidseitig-bis-zu-2-stellig-2","title":{"rendered":"Leitzahlh\u00e4nger beschriftet beidseitig bis zu 2-stellig"},"content":{"rendered":"<p>Unsere Leitzahlh\u00e4nger bieten sich als praktisches Organisationsmittel an. Die Leitzahlh\u00e4nger k\u00f6nnen ganz einfach gut sichtbar an den R\u00fcckspiegel des Autos geh\u00e4ngt werden.\u00a0 Einsatzgebiete sind Autoh\u00e4user und Werkst\u00e4tten um Fahrzeuge im t\u00e4glichen Ablauf kenntlich und sichtbar zu markieren. Nat\u00fcrlich k\u00f6nnen von diesen tollen Spiegelh\u00e4ngern nicht nur die KFZ-Betriebe profitieren &#8211; auch andere Einsatzm\u00f6glichkeiten wie zum Beispiel als T\u00fcrh\u00e4nger bieten sich an. Unseren Kennzeichnungsh\u00e4nger k\u00f6nnen Sie also ganz individuell einsetzen.<\/p>\n<p>Eine Wunschbeschriftung (0-99) wird aus wetterfesten Ziffern beidseitig angebracht, Ziffernh\u00f6he 75 mm. Ihre Wunschnummerierung geben Sie bitte im Textfeld entsprechend der gew\u00e4hlten St\u00fcckzahl an.<\/p>\n<p>Standardgem\u00e4\u00dfe Beschriftungsfarben:<br \/>\nLeitzahltr\u00e4ger in den Farben wei\u00df, orange und gelb &#8211; schwarze Ziffern<br \/>\nLeitzahltr\u00e4ger in den Farben schwarz, rot, blau, pink und gr\u00fcn &#8211; wei\u00dfe Ziffern<\/p>\n<p>Hergestellt werden unsere Leitzahlh\u00e4nger aus 0,8 mm starkem, strapazierf\u00e4higen Kunststoff.<br \/>\nEin langlebiges Produkt &#8211; Made in Germany!<\/p>\n<p>Die Ma\u00dfe sind wie folgt:<br \/>\nBreite x H\u00f6he: 130 x 255 mm<\/p>\n<p>VE: 1 St\u00fcck<\/p>\n<p>Sonderbeschriftungen sind auf Wunsch m\u00f6glich &#8211; schicken Sie uns gerne Ihre Anfrage per E-Mail.<\/p>\n<p>Die Lieferzeit kann je nach St\u00fcckzahl variieren.<\/p>\n","protected":false},"excerpt":{"rendered":"<ul>\n<li>aus strapazierf\u00e4higem Kunststoff<\/li>\n<li>passend f\u00fcr den Autospiegel<\/li>\n<li>mit wetterfesten Folien-Ziffern beschriftet<\/li>\n<li>beidseitig nach Ihren Angaben nummeriert (0-99)<\/li>\n<li>Breite x H\u00f6he: 130 x 255 mm<\/li>\n<li>VE: 1 St\u00fcck<\/li>\n<\/ul>\n","protected":false},"featured_media":17445,"comment_status":"closed","ping_status":"closed","template":"","meta":[],"product_brand":[],"product_cat":[2043],"product_tag":[],"class_list":{"0":"post-35505","1":"product","2":"type-product","3":"status-publish","4":"has-post-thumbnail","6":"product_cat-leitzahlhaenger","7":"pa_configurator-nein","8":"pa_delivery_time-3_5tage","9":"pa_farbe-blau","10":"pa_farbe-gelb","11":"pa_farbe-grun","12":"pa_farbe-orange","13":"pa_farbe-pink","14":"pa_farbe-rot","15":"pa_farbe-schwarz","16":"pa_farbe-weiss","17":"pa_fotolia-nein","19":"first","20":"instock","21":"taxable","22":"shipping-taxable","23":"purchasable","24":"product-type-variable"},"tiered_pricing_type":"fixed","tiered_pricing_fixed_rules":[],"tiered_pricing_product_settings":{"layout":"default","base_unit_name":{"singular":null,"plural":null},"default_variation":null},"tiered_pricing_minimum_quantity":null,"tiered_pricing_roles_data":[],"tiered_pricing_percentage_rules":[],"_links":{"self":[{"href":"https:\/\/www.wezet.de\/index.php?rest_route=\/wp\/v2\/product\/35505","targetHints":{"allow":["GET"]}}],"collection":[{"href":"https:\/\/www.wezet.de\/index.php?rest_route=\/wp\/v2\/product"}],"about":[{"href":"https:\/\/www.wezet.de\/index.php?rest_route=\/wp\/v2\/types\/product"}],"replies":[{"embeddable":true,"href":"https:\/\/www.wezet.de\/index.php?rest_route=%2Fwp%2Fv2%2Fcomments&post=35505"}],"wp:featuredmedia":[{"embeddable":true,"href":"https:\/\/www.wezet.de\/index.php?rest_route=\/wp\/v2\/media\/17445"}],"wp:attachment":[{"href":"https:\/\/www.wezet.de\/index.php?rest_route=%2Fwp%2Fv2%2Fmedia&parent=35505"}],"wp:term":[{"taxonomy":"product_brand","embeddable":true,"href":"https:\/\/www.wezet.de\/index.php?rest_route=%2Fwp%2Fv2%2Fproduct_brand&post=35505"},{"taxonomy":"product_cat","embeddable":true,"href":"https:\/\/www.wezet.de\/index.php?rest_route=%2Fwp%2Fv2%2Fproduct_cat&post=35505"},{"taxonomy":"product_tag","embeddable":true,"href":"https:\/\/www.wezet.de\/index.php?rest_route=%2Fwp%2Fv2%2Fproduct_tag&post=35505"}],"curies":[{"name":"wp","href":"https:\/\/api.w.org\/{rel}","templated":true}]}}