{"id":35467,"date":"2023-01-11T21:37:07","date_gmt":"2023-01-11T20:37:07","guid":{"rendered":"http:\/\/wezet.wezet.jit-creatives.de\/?post_type=product&#038;p=35467"},"modified":"2026-03-18T11:32:55","modified_gmt":"2026-03-18T10:32:55","slug":"leitzahltraeger-mit-saugnapf-unbeschriftet","status":"publish","type":"product","link":"https:\/\/www.wezet.de\/?product=leitzahltraeger-mit-saugnapf-unbeschriftet","title":{"rendered":"Leitzahltr\u00e4ger mit Saugnapf unbeschriftet"},"content":{"rendered":"<p>Unsere Leitzahltr\u00e4ger bieten sich als praktisches Organisationsmittel an. Durch den montierten Saugnapf haften sie auf glatten Oberfl\u00e4chen.<br \/>\nDie praktischen Wasserablaufl\u00f6cher erm\u00f6glichen Ihnen auch einen Einsatz im Au\u00dfenbereich.<\/p>\n<p>Einsatzgebiete sind Autoh\u00e4user und Werkst\u00e4tten um Fahrzeuge im t\u00e4glichen Ablauf kenntlich und sichtbar zu markieren.<br \/>\nAuch im industriellen Bereich k\u00f6nnen Ihnen unsere Leitzahltr\u00e4ger den Arbeitsablauf vereinfachen.<\/p>\n<p>Hergestellt werden unsere Leitzahltr\u00e4ger aus strapazierf\u00e4higem Kunststoff.<br \/>\nDer Saugnapf hat einen Durchmesser von 40 mm.<br \/>\nEin langlebiges Produkt &#8211; Made in Germany!<\/p>\n<p>DIY &#8211; Do it yoursef! Sie k\u00f6nnen die unbeschrifteten Leitzahltr\u00e4ger selber beschriften.<\/p>\n<p>Die Ma\u00dfe sind wie folgt:<br \/>\nBreite x H\u00f6he x Tiefe: 130 x 75 x 120 mm<\/p>\n<p>VE: 1 St\u00fcck<\/p>\n","protected":false},"excerpt":{"rendered":"<ul>\n<li>aus strapazierf\u00e4higem Kunststoff<\/li>\n<li>Wasserablaufl\u00f6cher f\u00fcr den Au\u00dfeneinsatz<\/li>\n<li>sicherer Halt durch Saugnapf<\/li>\n<li>Breite x H\u00f6he x Tiefe: 130 x 75 x 120 mm<\/li>\n<li>VE: 1 St\u00fcck<\/li>\n<\/ul>\n","protected":false},"featured_media":35323,"comment_status":"closed","ping_status":"closed","template":"","meta":[],"product_brand":[],"product_cat":[2044],"product_tag":[],"class_list":{"0":"post-35467","1":"product","2":"type-product","3":"status-publish","4":"has-post-thumbnail","6":"product_cat-leitzahltrager","7":"pa_configurator-nein","8":"pa_delivery_time-3_5tage","9":"pa_farbe-blau","10":"pa_farbe-gelb","11":"pa_farbe-grun","12":"pa_farbe-orange","13":"pa_farbe-rot","14":"pa_farbe-schwarz","15":"pa_farbe-weiss","16":"pa_fotolia-nein","18":"first","19":"instock","20":"taxable","21":"shipping-taxable","22":"purchasable","23":"product-type-variable"},"tiered_pricing_type":"fixed","tiered_pricing_fixed_rules":[],"tiered_pricing_product_settings":{"layout":"default","base_unit_name":{"singular":null,"plural":null},"default_variation":null},"tiered_pricing_minimum_quantity":null,"tiered_pricing_roles_data":[],"tiered_pricing_percentage_rules":[],"_links":{"self":[{"href":"https:\/\/www.wezet.de\/index.php?rest_route=\/wp\/v2\/product\/35467","targetHints":{"allow":["GET"]}}],"collection":[{"href":"https:\/\/www.wezet.de\/index.php?rest_route=\/wp\/v2\/product"}],"about":[{"href":"https:\/\/www.wezet.de\/index.php?rest_route=\/wp\/v2\/types\/product"}],"replies":[{"embeddable":true,"href":"https:\/\/www.wezet.de\/index.php?rest_route=%2Fwp%2Fv2%2Fcomments&post=35467"}],"wp:featuredmedia":[{"embeddable":true,"href":"https:\/\/www.wezet.de\/index.php?rest_route=\/wp\/v2\/media\/35323"}],"wp:attachment":[{"href":"https:\/\/www.wezet.de\/index.php?rest_route=%2Fwp%2Fv2%2Fmedia&parent=35467"}],"wp:term":[{"taxonomy":"product_brand","embeddable":true,"href":"https:\/\/www.wezet.de\/index.php?rest_route=%2Fwp%2Fv2%2Fproduct_brand&post=35467"},{"taxonomy":"product_cat","embeddable":true,"href":"https:\/\/www.wezet.de\/index.php?rest_route=%2Fwp%2Fv2%2Fproduct_cat&post=35467"},{"taxonomy":"product_tag","embeddable":true,"href":"https:\/\/www.wezet.de\/index.php?rest_route=%2Fwp%2Fv2%2Fproduct_tag&post=35467"}],"curies":[{"name":"wp","href":"https:\/\/api.w.org\/{rel}","templated":true}]}}