{"id":31184,"date":"2015-11-23T09:42:53","date_gmt":"2015-11-23T08:42:53","guid":{"rendered":"http:\/\/wezet.wezet.jit-creatives.de\/?product=klebebuchstaben-set-a5"},"modified":"2023-01-12T21:42:49","modified_gmt":"2023-01-12T20:42:49","slug":"klebebuchstaben-set-a5","status":"publish","type":"product","link":"https:\/\/www.wezet.de\/?product=klebebuchstaben-set-a5","title":{"rendered":"Klebebuchstaben Set A5"},"content":{"rendered":"<p>Unsere selbstklebenden Aufkleber bieten sich als einfache Beschriftung in verschiedenen Einsatzgebieten an.<br \/>\nEgal ob im B\u00fcro, Lager oder in der Produktion &#8211; mit unseren Klebebuchstaben k\u00f6nnen Sie beschriften, kennzeichnen und markieren.<br \/>\nWir bieten Ihnen bei diesem Produkt verschiedene Ausf\u00fchrungen an &#8211; Sie entscheiden, welche Ausf\u00fchrung (Gro\u00dfbuchstaben, Kleinbuchstaben oder Ziffern), welche Farbe (wei\u00df, schwarz, rot, blau, gr\u00fcn, gelb und orange) und welche Versalh\u00f6he (7, 10, 15, 20, 25 oder 30 mm) Ihre Aufkleber haben d\u00fcrfen.<\/p>\n<p><strong>Anzahl der Buchstaben pro Bogen<\/strong><br \/>\nGro\u00dfbuchstaben VH\u00a0\u00a07 mm = 488 Buchstaben<br \/>\nGro\u00dfbuchstaben\u00a0VH 10 mm = 210 Buchstaben<br \/>\nGro\u00dfbuchstaben VH 15 mm = 104 Buchstaben<br \/>\nGro\u00dfbuchstaben VH 20 mm = 61 Buchstaben<br \/>\nGro\u00dfbuchstaben VH 25 mm = 40 Buchstaben<br \/>\nGro\u00dfbuchstaben VH 30 mm = 30 Buchstaben<\/p>\n<p>Kleinbuchstaben VH\u00a0 7 mm = 562 Buchstaben<br \/>\nKleinbuchstaben VH 10 mm = 268 Buchstaben<br \/>\nKleinbuchstaben VH 15 mm = 138 Buchstaben<br \/>\nKleinbuchstaben VH 20 mm = 85 Buchstaben<br \/>\nKleinbuchstaben VH 25 mm = 52 Buchstaben<br \/>\nKleinbuchstaben VH 30 mm = 44 Buchstaben<\/p>\n<p>Ziffern VH\u00a0 7 mm = 512 Buchstaben<br \/>\nZiffern VH 10 mm = 258 Buchstaben<br \/>\nZiffern VH 15 mm = 105 Buchstaben<br \/>\nZiffern VH 20 mm = 66 Buchstaben<br \/>\nZiffern VH 25 mm = 44 Buchstaben<br \/>\nZiffern VH 30 mm = 33 Buchstaben<\/p>\n<p>Bei hohen Auflagen (ab 100 St\u00fcck) k\u00f6nnen wir Ihnen auch eine Sonderanfertigung in Ihrer Wunschfarbe anbieten.<\/p>\n<p>Gerne k\u00f6nnen Sie uns Ihre Anfrage einfach per E-Mail zukommen lassen.<\/p>\n","protected":false},"excerpt":{"rendered":"<ul>\n<li>selbstklebende Folienbuchstaben auf einem DIN A5 -Bogen<\/li>\n<li>geeignet f\u00fcr die schnelle Beschriftung und Kennzeichnung f\u00fcr innen und au\u00dfen<\/li>\n<li>einfache Montage f\u00fcr viele Einsatzbereiche<\/li>\n<li>in verschiedenen Ausf\u00fchrungen erh\u00e4ltlich<\/li>\n<\/ul>\n","protected":false},"featured_media":31178,"comment_status":"closed","ping_status":"closed","template":"","meta":[],"product_brand":[],"product_cat":[2032,2158,2060],"product_tag":[],"class_list":{"0":"post-31184","1":"product","2":"type-product","3":"status-publish","4":"has-post-thumbnail","6":"product_cat-buchstaben-aufkleber","7":"product_cat-klebebuchstaben","8":"product_cat-klebebuchstaben-sets","9":"pa_delivery_time-2_3tage","10":"pa_farbe-blau","11":"pa_farbe-gelb","12":"pa_farbe-grun","13":"pa_farbe-orange","14":"pa_farbe-rot","15":"pa_farbe-schwarz","16":"pa_farbe-weiss","17":"pa_schriftgrossen-10mm","18":"pa_schriftgrossen-15mm","19":"pa_schriftgrossen-20mm","20":"pa_schriftgrossen-25mm","21":"pa_schriftgrossen-30mm","22":"pa_schriftgrossen-7mm","23":"pa_set_auswahl-grossbuchstaben","24":"pa_set_auswahl-kleinbuchstaben","25":"pa_set_auswahl-ziffern","27":"first","28":"instock","29":"featured","30":"taxable","31":"shipping-taxable","32":"purchasable","33":"product-type-variable"},"tiered_pricing_type":"fixed","tiered_pricing_fixed_rules":[],"tiered_pricing_product_settings":{"layout":"default","base_unit_name":{"singular":null,"plural":null},"default_variation":null},"tiered_pricing_minimum_quantity":null,"tiered_pricing_roles_data":[],"tiered_pricing_percentage_rules":[],"_links":{"self":[{"href":"https:\/\/www.wezet.de\/index.php?rest_route=\/wp\/v2\/product\/31184","targetHints":{"allow":["GET"]}}],"collection":[{"href":"https:\/\/www.wezet.de\/index.php?rest_route=\/wp\/v2\/product"}],"about":[{"href":"https:\/\/www.wezet.de\/index.php?rest_route=\/wp\/v2\/types\/product"}],"replies":[{"embeddable":true,"href":"https:\/\/www.wezet.de\/index.php?rest_route=%2Fwp%2Fv2%2Fcomments&post=31184"}],"wp:featuredmedia":[{"embeddable":true,"href":"https:\/\/www.wezet.de\/index.php?rest_route=\/wp\/v2\/media\/31178"}],"wp:attachment":[{"href":"https:\/\/www.wezet.de\/index.php?rest_route=%2Fwp%2Fv2%2Fmedia&parent=31184"}],"wp:term":[{"taxonomy":"product_brand","embeddable":true,"href":"https:\/\/www.wezet.de\/index.php?rest_route=%2Fwp%2Fv2%2Fproduct_brand&post=31184"},{"taxonomy":"product_cat","embeddable":true,"href":"https:\/\/www.wezet.de\/index.php?rest_route=%2Fwp%2Fv2%2Fproduct_cat&post=31184"},{"taxonomy":"product_tag","embeddable":true,"href":"https:\/\/www.wezet.de\/index.php?rest_route=%2Fwp%2Fv2%2Fproduct_tag&post=31184"}],"curies":[{"name":"wp","href":"https:\/\/api.w.org\/{rel}","templated":true}]}}