{"id":24434,"date":"2015-10-02T08:14:10","date_gmt":"2015-10-02T06:14:10","guid":{"rendered":"http:\/\/wezet.wezet.jit-creatives.de\/?product=leitzahlentraeger-unbeschriftet"},"modified":"2026-03-13T15:39:34","modified_gmt":"2026-03-13T14:39:34","slug":"leitzahlentraeger-unbeschriftet","status":"publish","type":"product","link":"https:\/\/www.wezet.de\/?product=leitzahlentraeger-unbeschriftet","title":{"rendered":"Leitzahltr\u00e4ger mit Magnet unbeschriftet"},"content":{"rendered":"<p>Unsere Leitzahltr\u00e4ger bieten sich als praktisches Organisationsmittel an. Durch den integrierten Bodenmagnet halten diese auf allen Metallfl\u00e4chen und auf Fahrzeugen bieten sie einen sicheren Halt bis zu 60 km\/h. Die praktischen Wasserablaufl\u00f6cher erm\u00f6glichen Ihnen auch einen Einsatz im Au\u00dfenbereich.<\/p>\n<p>Einsatzgebiete sind Autoh\u00e4user und Werkst\u00e4tten um Fahrzeuge im t\u00e4glichen Ablauf kenntlich und sichtbar zu markieren.<br \/>\nAuch im industriellen Bereich k\u00f6nnen Ihnen unsere Leitzahltr\u00e4ger den Arbeitsablauf vereinfachen.<\/p>\n<p>Hergestellt werden die Leitzahltr\u00e4ger aus strapazierf\u00e4higem Kunststoff.<br \/>\nEin langlebiges Produkt &#8211; Made in Germany!<\/p>\n<p>Die Ma\u00dfe sind wie folgt:<br \/>\nBreite x H\u00f6he x Tiefe: 130 x 75 x 120 mm<\/p>\n<p>VE: 1 St\u00fcck<\/p>\n<p>Wichtiger Hinweis:<br \/>\nDirekte Sonneneinstrahlung angebracht auf dem Autodach vermeiden. Die hohen Temperaturen k\u00f6nnen dazu f\u00fchren, dass der Magnet leichte Abdr\u00fccke auf dem Lack hinterlassen kann. Diese k\u00f6nnen in der Regel mit einem Tuch abgewischt werden, trotzdem empfehlen wir Ihnen, die Leitzahltr\u00e4ger nicht l\u00e4nger den hohen Temperaturen durch direkte Sonneneinstrahlung auszusetzen.<\/p>\n","protected":false},"excerpt":{"rendered":"<ul>\n<li>aus strapazierf\u00e4higem Kunststoff<\/li>\n<li>Wasserablaufl\u00f6cher f\u00fcr den Au\u00dfeneinsatz<\/li>\n<li>sicherer Halt bis 60 km\/h durch eingegossenen Bodenmagnet auf Metallfl\u00e4chen<\/li>\n<li>Breite x H\u00f6he x Tiefe: 130 x 75 x 120 mm<\/li>\n<li>VE: 1 St\u00fcck<\/li>\n<\/ul>\n","protected":false},"featured_media":24433,"comment_status":"closed","ping_status":"closed","template":"","meta":[],"product_brand":[],"product_cat":[2044],"product_tag":[2355],"class_list":{"0":"post-24434","1":"product","2":"type-product","3":"status-publish","4":"has-post-thumbnail","6":"product_cat-leitzahltrager","7":"product_tag-javascriptvoid0","8":"pa_configurator-nein","9":"pa_delivery_time-3_5tage","10":"pa_farbe-blau","11":"pa_farbe-gelb","12":"pa_farbe-grun","13":"pa_farbe-orange","14":"pa_farbe-rot","15":"pa_farbe-schwarz","16":"pa_farbe-weiss","17":"pa_fotolia-nein","19":"first","20":"instock","21":"taxable","22":"shipping-taxable","23":"purchasable","24":"product-type-variable"},"tiered_pricing_type":"fixed","tiered_pricing_fixed_rules":[],"tiered_pricing_product_settings":{"layout":"default","base_unit_name":{"singular":null,"plural":null},"default_variation":null},"tiered_pricing_minimum_quantity":null,"tiered_pricing_roles_data":[],"tiered_pricing_percentage_rules":[],"_links":{"self":[{"href":"https:\/\/www.wezet.de\/index.php?rest_route=\/wp\/v2\/product\/24434","targetHints":{"allow":["GET"]}}],"collection":[{"href":"https:\/\/www.wezet.de\/index.php?rest_route=\/wp\/v2\/product"}],"about":[{"href":"https:\/\/www.wezet.de\/index.php?rest_route=\/wp\/v2\/types\/product"}],"replies":[{"embeddable":true,"href":"https:\/\/www.wezet.de\/index.php?rest_route=%2Fwp%2Fv2%2Fcomments&post=24434"}],"wp:featuredmedia":[{"embeddable":true,"href":"https:\/\/www.wezet.de\/index.php?rest_route=\/wp\/v2\/media\/24433"}],"wp:attachment":[{"href":"https:\/\/www.wezet.de\/index.php?rest_route=%2Fwp%2Fv2%2Fmedia&parent=24434"}],"wp:term":[{"taxonomy":"product_brand","embeddable":true,"href":"https:\/\/www.wezet.de\/index.php?rest_route=%2Fwp%2Fv2%2Fproduct_brand&post=24434"},{"taxonomy":"product_cat","embeddable":true,"href":"https:\/\/www.wezet.de\/index.php?rest_route=%2Fwp%2Fv2%2Fproduct_cat&post=24434"},{"taxonomy":"product_tag","embeddable":true,"href":"https:\/\/www.wezet.de\/index.php?rest_route=%2Fwp%2Fv2%2Fproduct_tag&post=24434"}],"curies":[{"name":"wp","href":"https:\/\/api.w.org\/{rel}","templated":true}]}}