{"id":18304,"date":"2015-10-02T08:13:52","date_gmt":"2015-10-02T06:13:52","guid":{"rendered":"http:\/\/wezet.wezet.jit-creatives.de\/?product=rakel-wezet"},"modified":"2023-01-13T22:20:36","modified_gmt":"2023-01-13T21:20:36","slug":"rakel-wezet","status":"publish","type":"product","link":"https:\/\/www.wezet.de\/?product=rakel-wezet","title":{"rendered":"Rakel Wezet"},"content":{"rendered":"<p>Unsere Rakel aus gr\u00fcnem Kunststoff erleichtert Ihnen das Applizieren von Aufklebern, Klebebuchstaben und Folienschriften. Eine wiederverwendbare Rakel f\u00fcr individuelle Einsatzm\u00f6glichkeiten &#8211; dieses Montagehilfsmittel darf nicht fehlen. F\u00fcr eine einfache und blasenfreie Beschriftung.<\/p>\n<p>MADE IN GERMANY!<\/p>\n<p>1 VE = 1 St\u00fcck<\/p>\n","protected":false},"excerpt":{"rendered":"<ul>\n<li><span style=\"font-weight: normal\">Farbe: Gr\u00fcn<\/span><\/li>\n<li>Kunststoff<\/li>\n<li>Zur \u00dcbertragung von Aufklebern<\/li>\n<\/ul>\n","protected":false},"featured_media":18303,"comment_status":"open","ping_status":"closed","template":"","meta":[],"product_brand":[],"product_cat":[2083],"product_tag":[2348,2347],"class_list":{"0":"post-18304","1":"product","2":"type-product","3":"status-publish","4":"has-post-thumbnail","6":"product_cat-montagezubehor","7":"product_tag-montage","8":"product_tag-rakel","9":"pa_configurator-nein","10":"pa_delivery_time-3_5tage","11":"pa_fotolia-nein","13":"first","14":"instock","15":"taxable","16":"shipping-taxable","17":"purchasable","18":"product-type-simple"},"tiered_pricing_type":"fixed","tiered_pricing_fixed_rules":[],"tiered_pricing_product_settings":{"layout":"default","base_unit_name":{"singular":null,"plural":null},"default_variation":null},"tiered_pricing_minimum_quantity":null,"tiered_pricing_roles_data":[],"tiered_pricing_percentage_rules":[],"_links":{"self":[{"href":"https:\/\/www.wezet.de\/index.php?rest_route=\/wp\/v2\/product\/18304","targetHints":{"allow":["GET"]}}],"collection":[{"href":"https:\/\/www.wezet.de\/index.php?rest_route=\/wp\/v2\/product"}],"about":[{"href":"https:\/\/www.wezet.de\/index.php?rest_route=\/wp\/v2\/types\/product"}],"replies":[{"embeddable":true,"href":"https:\/\/www.wezet.de\/index.php?rest_route=%2Fwp%2Fv2%2Fcomments&post=18304"}],"wp:featuredmedia":[{"embeddable":true,"href":"https:\/\/www.wezet.de\/index.php?rest_route=\/wp\/v2\/media\/18303"}],"wp:attachment":[{"href":"https:\/\/www.wezet.de\/index.php?rest_route=%2Fwp%2Fv2%2Fmedia&parent=18304"}],"wp:term":[{"taxonomy":"product_brand","embeddable":true,"href":"https:\/\/www.wezet.de\/index.php?rest_route=%2Fwp%2Fv2%2Fproduct_brand&post=18304"},{"taxonomy":"product_cat","embeddable":true,"href":"https:\/\/www.wezet.de\/index.php?rest_route=%2Fwp%2Fv2%2Fproduct_cat&post=18304"},{"taxonomy":"product_tag","embeddable":true,"href":"https:\/\/www.wezet.de\/index.php?rest_route=%2Fwp%2Fv2%2Fproduct_tag&post=18304"}],"curies":[{"name":"wp","href":"https:\/\/api.w.org\/{rel}","templated":true}]}}