{"id":17498,"date":"2015-10-02T08:13:51","date_gmt":"2015-10-02T06:13:51","guid":{"rendered":"http:\/\/wezet.wezet.jit-creatives.de\/?product=leitzahlentraeger-beschriftet"},"modified":"2026-03-17T16:37:06","modified_gmt":"2026-03-17T15:37:06","slug":"leitzahlentraeger-beschriftet","status":"publish","type":"product","link":"https:\/\/www.wezet.de\/?product=leitzahlentraeger-beschriftet","title":{"rendered":"Leitzahltr\u00e4ger mit Magnet beschriftet"},"content":{"rendered":"<p>Unsere Leitzahltr\u00e4ger bieten sich als praktisches Organisationsmittel an. Durch den integrierten Bodenmagnet halten diese auf allen Metallfl\u00e4chen und auf Fahrzeugen bieten sie einen sicheren Halt bis zu 60 km\/h. Eine Wunschbeschriftung (0-999) wird aus wetterfesten Ziffern 3-seitig angebracht, Ziffernh\u00f6he 50 mm. Ihre Wunschnummerierung geben Sie bitte im Textfeld entsprechend der gew\u00e4hlten St\u00fcckzahl an. Die praktischen Wasserablaufl\u00f6cher erm\u00f6glichen Ihnen auch einen Einsatz im Au\u00dfenbereich. Zum Aufbewahren der Leitzahltr\u00e4ger erhalten Sie pro 20 St\u00fcck unseren Dreifu\u00dfst\u00e4nder aus Metall gratis dazu.<\/p>\n<p>Einsatzgebiete sind Autoh\u00e4user und Werkst\u00e4tten um Fahrzeuge im t\u00e4glichen Ablauf kenntlich und sichtbar zu markieren.<br \/>\nAuch im industriellen Bereich k\u00f6nnen Ihnen unsere Leitzahltr\u00e4ger den Arbeitsablauf vereinfachen.<\/p>\n<p>Hergestellt werden die Leitzahltr\u00e4ger aus strapazierf\u00e4higem Kunststoff.<br \/>\nEin langlebiges Produkt &#8211; Made in Germany!<\/p>\n<p>Die Ma\u00dfe sind wie folgt:<br \/>\nBreite x H\u00f6he x Tiefe: 130 x 75 x 120 mm<\/p>\n<p>VE: 1 St\u00fcck<\/p>\n<p>Standardgem\u00e4\u00dfe Beschriftungsfarben:<br \/>\nLeitzahltr\u00e4ger in den Farben wei\u00df, orange und gelb &#8211; schwarze Ziffern<br \/>\nLeitzahltr\u00e4ger in den Farben schwarz, rot, blau und gr\u00fcn &#8211; wei\u00dfe Ziffern<\/p>\n<p>Wichtiger Hinweis:<br \/>\nDirekte Sonneneinstrahlung angebracht auf dem Autodach vermeiden. Die hohen Temperaturen k\u00f6nnen dazu f\u00fchren, dass der Magnet leichte Abdr\u00fccke auf dem Lack hinterlassen kann. Diese k\u00f6nnen in der Regel mit einem Tuch abgewischt werden, trotzdem empfehlen wir Ihnen, die Leitzahltr\u00e4ger nicht l\u00e4nger den hohen Temperaturen durch direkte Sonneneinstrahlung auszusetzen.<\/p>\n<p>Sonderbeschriftungen sind auf Wunsch m\u00f6glich &#8211; schicken Sie uns gerne Ihre Anfrage per E-Mail.<\/p>\n<p>Die Lieferzeit kann je nach St\u00fcckzahl variieren.<\/p>\n","protected":false},"excerpt":{"rendered":"<ul>\n<li>aus strapazierf\u00e4higem Kunststoff<\/li>\n<li>Wasserablaufl\u00f6cher f\u00fcr den Au\u00dfeneinsatz<\/li>\n<li>mit wetterfesten Folien-Ziffern beschriftet<\/li>\n<li>3-seitig nach Ihren Angaben nummeriert (0-999)<\/li>\n<li>sicherer Halt bis 60 km\/h durch eingegossenen Bodenmagnet auf Metallfl\u00e4chen<\/li>\n<li>Breite x H\u00f6he x Tiefe: 130 x 75 x 120 mm<\/li>\n<li>VE: 1 St\u00fcck<\/li>\n<\/ul>\n","protected":false},"featured_media":17497,"comment_status":"closed","ping_status":"closed","template":"","meta":[],"product_brand":[],"product_cat":[2044],"product_tag":[],"class_list":{"0":"post-17498","1":"product","2":"type-product","3":"status-publish","4":"has-post-thumbnail","6":"product_cat-leitzahltrager","7":"pa_configurator-nein","8":"pa_delivery_time-3_5tage","9":"pa_farbe-blau","10":"pa_farbe-gelb","11":"pa_farbe-grun","12":"pa_farbe-orange","13":"pa_farbe-rot","14":"pa_farbe-schwarz","15":"pa_farbe-weiss","16":"pa_fotolia-nein","18":"first","19":"instock","20":"taxable","21":"shipping-taxable","22":"purchasable","23":"product-type-variable"},"tiered_pricing_type":"fixed","tiered_pricing_fixed_rules":{"5":6.95,"10":6.55,"20":6.35,"50":6.05,"100":5.88,"200":5.63,"500":5.4},"tiered_pricing_product_settings":{"layout":"default","base_unit_name":{"singular":null,"plural":null},"default_variation":null},"tiered_pricing_minimum_quantity":null,"tiered_pricing_roles_data":[],"tiered_pricing_percentage_rules":[],"_links":{"self":[{"href":"https:\/\/www.wezet.de\/index.php?rest_route=\/wp\/v2\/product\/17498","targetHints":{"allow":["GET"]}}],"collection":[{"href":"https:\/\/www.wezet.de\/index.php?rest_route=\/wp\/v2\/product"}],"about":[{"href":"https:\/\/www.wezet.de\/index.php?rest_route=\/wp\/v2\/types\/product"}],"replies":[{"embeddable":true,"href":"https:\/\/www.wezet.de\/index.php?rest_route=%2Fwp%2Fv2%2Fcomments&post=17498"}],"wp:featuredmedia":[{"embeddable":true,"href":"https:\/\/www.wezet.de\/index.php?rest_route=\/wp\/v2\/media\/17497"}],"wp:attachment":[{"href":"https:\/\/www.wezet.de\/index.php?rest_route=%2Fwp%2Fv2%2Fmedia&parent=17498"}],"wp:term":[{"taxonomy":"product_brand","embeddable":true,"href":"https:\/\/www.wezet.de\/index.php?rest_route=%2Fwp%2Fv2%2Fproduct_brand&post=17498"},{"taxonomy":"product_cat","embeddable":true,"href":"https:\/\/www.wezet.de\/index.php?rest_route=%2Fwp%2Fv2%2Fproduct_cat&post=17498"},{"taxonomy":"product_tag","embeddable":true,"href":"https:\/\/www.wezet.de\/index.php?rest_route=%2Fwp%2Fv2%2Fproduct_tag&post=17498"}],"curies":[{"name":"wp","href":"https:\/\/api.w.org\/{rel}","templated":true}]}}