{"id":17416,"date":"2015-10-02T08:13:51","date_gmt":"2015-10-02T06:13:51","guid":{"rendered":"http:\/\/wezet.wezet.jit-creatives.de\/?product=wc-symbol-frau"},"modified":"2026-03-05T16:10:36","modified_gmt":"2026-03-05T15:10:36","slug":"wc-symbol-frau","status":"publish","type":"product","link":"https:\/\/www.wezet.de\/?product=wc-symbol-frau","title":{"rendered":"WC Aufkleber Frau"},"content":{"rendered":"<p>Dieser Aufkleber wird aus einer matten Qualit\u00e4tsfolie in schwarz oder wei\u00df hergestellt. Lieferbar ist der Hinweisaufkleber in den Motivh\u00f6hen 100 und 150 mm. Das Symbol l\u00e4sst dich dank einer transparenten \u00dcbertragungsfolie im Handumdrehen anbringen. Zur Kennzeichnung von WC \/ Toiletten, Umkleidekabinen in Firmen, Sporthallen und allen anderen Geb\u00e4uden. Die Folie l\u00e4sst sich r\u00fcckstandslos entfernen.<\/p>\n<p>Verpackungseinheit = 5 St\u00fcck<br \/>\nMade in Germany!<\/p>\n","protected":false},"excerpt":{"rendered":"<ul>\n<li>H\u00f6he: 100 oder 150 mm<\/li>\n<li>Farben: schwarz oder wei\u00df (matt)<\/li>\n<li>VE: 5 St\u00fcck<\/li>\n<\/ul>\n","protected":false},"featured_media":23304,"comment_status":"open","ping_status":"closed","template":"","meta":[],"product_brand":[],"product_cat":[2024],"product_tag":[],"class_list":{"0":"post-17416","1":"product","2":"type-product","3":"status-publish","4":"has-post-thumbnail","6":"product_cat-aufkleber-wc-symbol","7":"pa_delivery_time-1_2tage","8":"pa_farbe-schwarz","9":"pa_farbe-weiss","10":"pa_hohe-100mm","11":"pa_hohe-150mm","13":"first","14":"instock","15":"taxable","16":"shipping-taxable","17":"purchasable","18":"product-type-variable"},"tiered_pricing_type":"fixed","tiered_pricing_fixed_rules":[],"tiered_pricing_product_settings":{"layout":"default","base_unit_name":{"singular":null,"plural":null},"default_variation":null},"tiered_pricing_minimum_quantity":null,"tiered_pricing_roles_data":[],"tiered_pricing_percentage_rules":[],"_links":{"self":[{"href":"https:\/\/www.wezet.de\/index.php?rest_route=\/wp\/v2\/product\/17416","targetHints":{"allow":["GET"]}}],"collection":[{"href":"https:\/\/www.wezet.de\/index.php?rest_route=\/wp\/v2\/product"}],"about":[{"href":"https:\/\/www.wezet.de\/index.php?rest_route=\/wp\/v2\/types\/product"}],"replies":[{"embeddable":true,"href":"https:\/\/www.wezet.de\/index.php?rest_route=%2Fwp%2Fv2%2Fcomments&post=17416"}],"wp:featuredmedia":[{"embeddable":true,"href":"https:\/\/www.wezet.de\/index.php?rest_route=\/wp\/v2\/media\/23304"}],"wp:attachment":[{"href":"https:\/\/www.wezet.de\/index.php?rest_route=%2Fwp%2Fv2%2Fmedia&parent=17416"}],"wp:term":[{"taxonomy":"product_brand","embeddable":true,"href":"https:\/\/www.wezet.de\/index.php?rest_route=%2Fwp%2Fv2%2Fproduct_brand&post=17416"},{"taxonomy":"product_cat","embeddable":true,"href":"https:\/\/www.wezet.de\/index.php?rest_route=%2Fwp%2Fv2%2Fproduct_cat&post=17416"},{"taxonomy":"product_tag","embeddable":true,"href":"https:\/\/www.wezet.de\/index.php?rest_route=%2Fwp%2Fv2%2Fproduct_tag&post=17416"}],"curies":[{"name":"wp","href":"https:\/\/api.w.org\/{rel}","templated":true}]}}