{"id":17392,"date":"2015-10-02T08:13:51","date_gmt":"2015-10-02T06:13:51","guid":{"rendered":"http:\/\/wezet.wezet.jit-creatives.de\/?product=vogelsortiment-din-a3-rot-schwarz-oder-weiss"},"modified":"2023-07-06T22:22:41","modified_gmt":"2023-07-06T20:22:41","slug":"vogelsortiment-din-a3-rot-schwarz-oder-weiss","status":"publish","type":"product","link":"https:\/\/www.wezet.de\/?product=vogelsortiment-din-a3-rot-schwarz-oder-weiss","title":{"rendered":"Aufkleber V\u00f6gel A3 Warnv\u00f6gel schwarz oder wei\u00df"},"content":{"rendered":"<p>Unsere gestanzten V\u00f6gel eignen sich hervorragend als Vogelschutz auf Glasscheiben. Fensterfl\u00e4chen sind oft die Todesfalle f\u00fcr unsere heimischen V\u00f6gel. Durch das Aufkleben der Folienv\u00f6gel sch\u00fctzen Sie das Vogelleben. Gefertigt sind die V\u00f6gel aus selbstklebender Folie in schwarz matt oder wei\u00df matt. Sie k\u00f6nnen einfach innen oder au\u00dfen aufgebracht werden. Unsere Warnv\u00f6gel sind r\u00fcckstandslos entfernbar.<\/p>\n<p><strong>3 V\u00f6gel auf Bogen:<\/strong><br \/>\ngro\u00dfer Vogel im Format 370 x 230 mm<br \/>\nzwei kleine V\u00f6gel im Format 205 x 125 mm<\/p>\n","protected":false},"excerpt":{"rendered":"<ul>\n<li>V\u00f6gel angestanzt aus matter Folie<\/li>\n<li>optimaler Schutz f\u00fcr die V\u00f6gel<\/li>\n<li>3 V\u00f6gel pro Set auf Bogen<\/li>\n<\/ul>\n","protected":false},"featured_media":17391,"comment_status":"open","ping_status":"closed","template":"","meta":[],"product_brand":[],"product_cat":[2023],"product_tag":[],"class_list":{"0":"post-17392","1":"product","2":"type-product","3":"status-publish","4":"has-post-thumbnail","6":"product_cat-aufkleber-vogelsilhouette","7":"pa_delivery_time-3_5tage","8":"pa_farbe-schwarz","9":"pa_farbe-weiss","11":"first","12":"instock","13":"taxable","14":"shipping-taxable","15":"purchasable","16":"product-type-variable"},"tiered_pricing_type":"fixed","tiered_pricing_fixed_rules":[],"tiered_pricing_product_settings":{"layout":"default","base_unit_name":{"singular":null,"plural":null},"default_variation":null},"tiered_pricing_minimum_quantity":null,"tiered_pricing_roles_data":[],"tiered_pricing_percentage_rules":[],"_links":{"self":[{"href":"https:\/\/www.wezet.de\/index.php?rest_route=\/wp\/v2\/product\/17392","targetHints":{"allow":["GET"]}}],"collection":[{"href":"https:\/\/www.wezet.de\/index.php?rest_route=\/wp\/v2\/product"}],"about":[{"href":"https:\/\/www.wezet.de\/index.php?rest_route=\/wp\/v2\/types\/product"}],"replies":[{"embeddable":true,"href":"https:\/\/www.wezet.de\/index.php?rest_route=%2Fwp%2Fv2%2Fcomments&post=17392"}],"wp:featuredmedia":[{"embeddable":true,"href":"https:\/\/www.wezet.de\/index.php?rest_route=\/wp\/v2\/media\/17391"}],"wp:attachment":[{"href":"https:\/\/www.wezet.de\/index.php?rest_route=%2Fwp%2Fv2%2Fmedia&parent=17392"}],"wp:term":[{"taxonomy":"product_brand","embeddable":true,"href":"https:\/\/www.wezet.de\/index.php?rest_route=%2Fwp%2Fv2%2Fproduct_brand&post=17392"},{"taxonomy":"product_cat","embeddable":true,"href":"https:\/\/www.wezet.de\/index.php?rest_route=%2Fwp%2Fv2%2Fproduct_cat&post=17392"},{"taxonomy":"product_tag","embeddable":true,"href":"https:\/\/www.wezet.de\/index.php?rest_route=%2Fwp%2Fv2%2Fproduct_tag&post=17392"}],"curies":[{"name":"wp","href":"https:\/\/api.w.org\/{rel}","templated":true}]}}