{"id":34625,"date":"2022-08-25T12:43:42","date_gmt":"2022-08-25T10:43:42","guid":{"rendered":"http:\/\/wezet.wezet.jit-creatives.de\/?page_id=34625"},"modified":"2022-12-13T09:53:22","modified_gmt":"2022-12-13T08:53:22","slug":"allgemeine_geschaeftsbedingungen","status":"publish","type":"page","link":"https:\/\/www.wezet.de\/?page_id=34625","title":{"rendered":"Allgemeine Gesch\u00e4ftsbedingungen"},"content":{"rendered":"\n<p><strong>1. Allgemeines<\/strong><br>Alle Angebote sind freibleibend und unverbindlich. Entgegenstehende Gesch\u00e4ftsbedingungen des Vertragspartners gelten als ausdr\u00fccklich ausgeschlossen. \u00dcbertragungen von Rechten und Pflichten des K\u00e4ufers aus dem Kaufvertrag bed\u00fcrfen der schriftlichen Zustimmung des Verk\u00e4ufers.<br><br><strong>1.1<\/strong>&nbsp;<strong>Vertragssprache<\/strong><br>Die Vertragssprache ist Deutsch.<\/p>\n\n\n\n<p><strong>2. Preise und Zahlung<\/strong><br>Alle Preise auf der Webseite verstehen sich inklusive gesetzlicher Umsatzsteuer (z.Zt. 19 %) und zuz\u00fcglich einer Verpackungs- und Transportkostenpauschale, die jeweils ausgewiesen wird. Es k\u00f6nnen nur die auf der Webseite angebotenen Zahlungsweisen akzeptiert werden.<\/p>\n\n\n\n<p><strong>3. Lieferbedingungen<\/strong><br>Dem K\u00e4ufer zumutbare Teillieferungen und Teilleistungen sind zul\u00e4ssig. Gegebene Liefertermine sind unverbindlich. Vom Verk\u00e4ufer nicht zu vertretende St\u00f6rungen im Gesch\u00e4ftsbetrieb des Verk\u00e4ufers oder bei dessen Vorlieferanten verl\u00e4ngern die Lieferzeit entsprechend. Die Ware wird mit der Deutschen Post oder DPD geliefert.<\/p>\n\n\n\n<p><strong>3.1 Verkauf, Lieferungen und Leistungen<\/strong><br>erfolgen ausschlie\u00dflich zu den nachstehenden Verkaufs- und Lieferungsbedingungen. Unsere Bedingungen gelten als anerkannt. Aus offensichtlichen Irrt\u00fcmern kann der Besteller keine Anspr\u00fcche gegen uns herleiten. Dasselbe gilt f\u00fcr unvermeidliche Abweichungen in Beschaffenheit, Form und sonstigen Eigenschaften. R\u00fccktritt nach Fertigungsbeginn ist ausgeschlossen. Falls der Besteller trotzdem den R\u00fccktritt erkl\u00e4rt ist er verpflichtet, den Warenwert ohne Nachweis eines diesbez\u00fcglichen Schadens zu verg\u00fcten. Es wird keine Gew\u00e4hr \u00fcbernommen, da\u00df die bestellten Artikel gegenw\u00e4rtig oder \u00fcberhaupt lieferbar sind. Sollte sich die Lieferung eines Artikels verz\u00f6gern oder ein Artikel nicht lieferbar sein wird der Besteller hier\u00fcber informiert und ihm Gelegenheit gegeben, die Bestellung aus diesem Grunde zu stornieren. Der Vertrag wird mit Versand unserer Auftragsbest\u00e4tigung, sp\u00e4testens jedoch mit Versand der Lieferung g\u00fcltig.<\/p>\n\n\n\n<p><strong>3.2 Lieferzeit<\/strong><br>Die Lieferung ab Werk erfolgt innerhalb von 3 &#8211; 4 Werktagen (je nach Artikel) nach Erhalt des Auftrags. L\u00e4ngere Lieferzeiten sind bei einzelnen Artikeln ausgewiesen. Lieferst\u00f6rungen, die nicht von uns zu vertreten sind berechtigen den Besteller nicht zum R\u00fccktritt oder zur K\u00fcrzung des vereinbarten Entgelts. Schadenersatzforderungen, auch solche von Dritten sind ausgeschlossen.<\/p>\n\n\n\n<p><strong>3.3 Zahlungen<\/strong><br>Zahlungen haben im Rahmen der vertraglichen Vereinbarung fristgerecht zu erfolgen. Aufrechnungen oder sonstige Abz\u00fcge am Rechnungsbetrag bed\u00fcrfen unserer vorherigen Zustimmung. Bei Zahlungsverzug sind wir berechtigt, Verzugszinsen in H\u00f6he von 5 % \u00fcber dem offiziellen Diskontsatz zu berechnen. Die Geltendmachung weitergehender Verzugssch\u00e4den behalten wir uns vor. Die Ware bleibt bis zur vollst\u00e4ndigen Bezahlung in unserem Eigentum.<\/p>\n\n\n\n<p><strong>3.4 M\u00e4ngelr\u00fcgen<\/strong><br>oder sonstige Beanstandungen k\u00f6nnen nur ber\u00fccksichtigt werden wenn sie unverz\u00fcglich, sp\u00e4testens jedoch innerhalb von 10 Tagen nach Erhalt der Ware erfolgen. Bei begr\u00fcndeten Beanstandungen oder M\u00e4ngelr\u00fcgen hat der Besteller uns Gelegenheit zu geben, innerhalb angemessener Frist nachzubessern oder kostenlosen Ersatz zu liefern. Anderenfalls sind wir von der M\u00e4ngelhaftung befreit. Alle weitergehenden Anspr\u00fcche des Bestellers, insbesondere solche auf Schadenersatz, auch von Dritten, sind ausgeschlossen. Von uns ersetzte Waren verbleiben in unserem Eigentum. F\u00fcr Sch\u00e4den, die sich erst nach Be- oder Verarbeitung der Waren durch den Besteller ergeben haften wir nicht. Das Risiko von etwaigen Urheberrechtsverletzungen liegt beim Besteller.<\/p>\n\n\n\n<p><strong><br>4. Eigentumsvorbehalt<\/strong><br>Die Ware bleibt bis zum Ausgleich der dem Verk\u00e4ufer aufgrund des Kaufvertrags zustehenden Forderung Eigentum des Verk\u00e4ufers.<\/p>\n\n\n\n<p><strong>5. Gew\u00e4hrleistung<\/strong><br>Der K\u00e4ufer hat zun\u00e4chst Anspruch auf Beseitigung von Fehlern (Nachbesserung). Sofern die Nachbesserung fehlschl\u00e4gt kann der K\u00e4ufer Wandlung (R\u00fcckg\u00e4ngigmachung des Vertrages) oder Minderung (Herabsetzung der Verg\u00fctung) verlangen. Ein Anspruch auf Ersatzlieferung besteht nicht. F\u00fcr Nachbesserung gilt folgendes:<br>a) Offensichtliche M\u00e4ngel hat der K\u00e4ufer sp\u00e4testens innerhalb 2 Wochen bei dem Verk\u00e4ufer entweder schriftlich anzuzeigen oder von ihm aufnehmen zu lassen.<br>b) Nat\u00fcrlicher Verschlei\u00df ist von der Gew\u00e4hrleistung ausgeschlossen.<br>c) Kleine Unregelm\u00e4\u00dfigkeiten an den Schnittkanten und Ma\u00dfabweichungen sind Motiv -und Produktionsbedingt und k\u00f6nnen nicht als Reklamationsgrund geltend gemacht werden.<\/p>\n\n\n\n<p><strong>6. Haftung<\/strong><br>F\u00fcr Sch\u00e4den am Untergrund oder der Folie, die durch die unsachgem\u00e4\u00dfe Lagerung, Handhabung oder Anbringung der Klebefolien entstehen, \u00fcbernimmt WEZET keine Haftung. Es obliegt dem Kunden sich vor Anbringung gegebenenfalls beim Hersteller des Untergrundes auf die Vertr\u00e4glichkeit zu Klebefolien zu informieren. Eine Anbringung durch Fachpersonal wird von WEZET ausdr\u00fccklich empfohlen. Das Aufbringen von Klebefolien an Fahrzeugen kann Auswirkungen auf die Zulassung des Fahrzeugs haben. Daf\u00fcr \u00fcbernimmt WEZET keinerlei Haftung.<\/p>\n\n\n\n<p><strong>7. Datenschutz<\/strong><br>Mit dem Absenden einer Bestellung gibt der K\u00e4ufer seine Zustimmung zur Speicherung seiner Daten. Sie werden ausschlie\u00dflich zur Abwicklung der Bestellung verwendet. Eine Weitergabe der Daten an mit der Lieferung beauftragte Unternehmen erfolgt nur in soweit die Auftragsabwicklung dies erforderlich macht. Ansonsten werden die Daten streng vertraulich behandelt und Dritten nicht zug\u00e4nglich gemacht. Bitte beachten Sie auch unsere zus\u00e4tzlichen Hinweise zum Thema&nbsp;<a href=\"https:\/\/www.wezet.de\/datenschutz\/\">Privatsph\u00e4re\/Datenschutz.<\/a><\/p>\n\n\n\n<p><strong>8. Nebenabreden, Gerichtsstand, Teilnichtigkeit<\/strong><br>M\u00fcndliche Nebenabreden bestehen nicht. \u00c4nderungen und Erg\u00e4nzungen dieses Vertrages bed\u00fcrfen zu ihrer Wirksamkeit der Schriftform. F\u00fcr Streitigkeiten \u00fcber bzw. aus dieser Vereinbarung ist das Gericht zust\u00e4ndig, an dessen Ort die streitige Verpflichtung zu erf\u00fcllen ist. Sind einzelne Bestimmungen dieses Vertrages unwirksam, so ber\u00fchrt dies nicht die Wirksamkeit der \u00fcbrigen Regelungen des Vertrages.<\/p>\n\n\n\n<p><br><strong>9.<\/strong>  Wir sind nicht bereit und nicht verpflichtet an einem Streitbeilegungsverfahren vor einer Verbraucherschlichtungsstelle teilzunehmen.<\/p>\n","protected":false},"excerpt":{"rendered":"<p>1. AllgemeinesAlle Angebote sind freibleibend und unverbindlich. Entgegenstehende Gesch\u00e4ftsbedingungen des Vertragspartners gelten als ausdr\u00fccklich ausgeschlossen. \u00dcbertragungen von Rechten und Pflichten des K\u00e4ufers aus dem Kaufvertrag bed\u00fcrfen der schriftlichen Zustimmung des Verk\u00e4ufers. 1.1&nbsp;VertragsspracheDie Vertragssprache ist Deutsch. 2. Preise und ZahlungAlle Preise auf der Webseite verstehen sich inklusive gesetzlicher Umsatzsteuer (z.Zt. 19 %) und zuz\u00fcglich einer Verpackungs- [&#8230;]<\/p>\n","protected":false},"author":1,"featured_media":0,"parent":0,"menu_order":0,"comment_status":"closed","ping_status":"closed","template":"","meta":{"footnotes":""},"class_list":["post-34625","page","type-page","status-publish","hentry"],"_links":{"self":[{"href":"https:\/\/www.wezet.de\/index.php?rest_route=\/wp\/v2\/pages\/34625","targetHints":{"allow":["GET"]}}],"collection":[{"href":"https:\/\/www.wezet.de\/index.php?rest_route=\/wp\/v2\/pages"}],"about":[{"href":"https:\/\/www.wezet.de\/index.php?rest_route=\/wp\/v2\/types\/page"}],"author":[{"embeddable":true,"href":"https:\/\/www.wezet.de\/index.php?rest_route=\/wp\/v2\/users\/1"}],"replies":[{"embeddable":true,"href":"https:\/\/www.wezet.de\/index.php?rest_route=%2Fwp%2Fv2%2Fcomments&post=34625"}],"version-history":[{"count":4,"href":"https:\/\/www.wezet.de\/index.php?rest_route=\/wp\/v2\/pages\/34625\/revisions"}],"predecessor-version":[{"id":35424,"href":"https:\/\/www.wezet.de\/index.php?rest_route=\/wp\/v2\/pages\/34625\/revisions\/35424"}],"wp:attachment":[{"href":"https:\/\/www.wezet.de\/index.php?rest_route=%2Fwp%2Fv2%2Fmedia&parent=34625"}],"curies":[{"name":"wp","href":"https:\/\/api.w.org\/{rel}","templated":true}]}}