{"id":34623,"date":"2022-08-25T12:43:42","date_gmt":"2022-08-25T10:43:42","guid":{"rendered":"http:\/\/wezet.wezet.jit-creatives.de\/?page_id=34623"},"modified":"2022-10-11T11:47:31","modified_gmt":"2022-10-11T09:47:31","slug":"zahlungsweisen","status":"publish","type":"page","link":"https:\/\/www.wezet.de\/?page_id=34623","title":{"rendered":"Zahlungsweisen"},"content":{"rendered":"<p><strong>Zahlungsarten<\/strong><\/p>\n<p>Wir bieten Ihnen folgende Zahlungsarten an. Suchen Sie sich einfach die f\u00fcr Sie optimale Zahlart aus. Die Versandkosten sind teilweise abh\u00e4ngig von der gew\u00e4hlten Zahlungsart. Die in den jeweiligen Angeboten angef\u00fchrten Preise stellen Endpreise dar. Sie beinhalten alle Preisbestandteile einschlie\u00dflich etwaig anfallender Steuern wie Mehrwertsteuer. Nur bei grenz\u00fcberschreitender Lieferung k\u00f6nnen im Einzelfall weitere Steuern (z.B. im Falle eines innergemeinschaftlichen Erwerbs) und\/oder Abgaben (z.B. Z\u00f6lle) von Ihnen zu zahlen sein, jedoch nicht an den Verk\u00e4ufer, sondern an die dort zust\u00e4ndigen Zoll- bzw. Steuerbeh\u00f6rden. Die anfallenden Liefer- und Versandkosten sind nicht im Kaufpreis enthalten, sie sind \u00fcber die Seite \u201eVersandkosten\u201c aufrufbar, werden im Laufe des Bestellvorganges gesondert ausgewiesen und sind von Ihnen zus\u00e4tzlich zu tragen.<\/p>\n<p><strong><em>PayPal<\/em><\/strong><\/p>\n<p>Schnell und sicher bezahlen mit ihrem PayPal-Konto.<br \/>\nAnmelden und PayPal sofort nutzen:<br \/>\n\u2022 Er\u00f6ffnen Sie ein PayPal-Konto unter\u00a0<a href=\"http:\/\/www.paypal.de\/anmeldung\" target=\"_blank\" rel=\"noopener\">www.paypal.de\/anmeldung<\/a><br \/>\n\u2022 Verkn\u00fcpfen Sie Ihr Bankkonto oder Ihre Kreditkarte mit Ihrem PayPal-Konto.<br \/>\n\u2022 Und schon k\u00f6nnen Sie mit PayPal bezahlen.<\/p>\n<p><strong><em>Vorkasse<\/em><\/strong><\/p>\n<p>Der Versand erfolgt nachdem Sie den Betrag bezahlt haben und dieser bei uns verbucht wurde. Wir bitten Sie, den Gesamtbetrag nach der Bestellung zu \u00fcberweisen. Sie erhalten von uns eine Bestellbest\u00e4tigung per E-Mail. In dieser E-Mail finden Sie den zu \u00fcberweisenden Betrag, Bankdaten und die Bestellnummer f\u00fcr den Verwendungszweck.<\/p>\n<p>Bitte \u00fcberweisen Sie den Gesamtbetrag Ihrer Bestellung auf unser Konto:<\/p>\n<p>Kontoinhaber: Walter Zeug GmbH<br \/>\nIBAN: DE 98 6045 0050 0009 0058 00<br \/>\nKreditinstitut: Kreissparkasse Ludwigsburg<br \/>\nSWIFT: SOLA DE S1 LBG<\/p>\n","protected":false},"excerpt":{"rendered":"<p>Zahlungsarten Wir bieten Ihnen folgende Zahlungsarten an. Suchen Sie sich einfach die f\u00fcr Sie optimale Zahlart aus. Die Versandkosten sind teilweise abh\u00e4ngig von der gew\u00e4hlten Zahlungsart. Die in den jeweiligen Angeboten angef\u00fchrten Preise stellen Endpreise dar. Sie beinhalten alle Preisbestandteile einschlie\u00dflich etwaig anfallender Steuern wie Mehrwertsteuer. Nur bei grenz\u00fcberschreitender Lieferung k\u00f6nnen im Einzelfall weitere Steuern [&#8230;]<\/p>\n","protected":false},"author":1,"featured_media":0,"parent":0,"menu_order":0,"comment_status":"closed","ping_status":"closed","template":"","meta":{"footnotes":""},"class_list":["post-34623","page","type-page","status-publish","hentry"],"_links":{"self":[{"href":"https:\/\/www.wezet.de\/index.php?rest_route=\/wp\/v2\/pages\/34623","targetHints":{"allow":["GET"]}}],"collection":[{"href":"https:\/\/www.wezet.de\/index.php?rest_route=\/wp\/v2\/pages"}],"about":[{"href":"https:\/\/www.wezet.de\/index.php?rest_route=\/wp\/v2\/types\/page"}],"author":[{"embeddable":true,"href":"https:\/\/www.wezet.de\/index.php?rest_route=\/wp\/v2\/users\/1"}],"replies":[{"embeddable":true,"href":"https:\/\/www.wezet.de\/index.php?rest_route=%2Fwp%2Fv2%2Fcomments&post=34623"}],"version-history":[{"count":2,"href":"https:\/\/www.wezet.de\/index.php?rest_route=\/wp\/v2\/pages\/34623\/revisions"}],"predecessor-version":[{"id":35329,"href":"https:\/\/www.wezet.de\/index.php?rest_route=\/wp\/v2\/pages\/34623\/revisions\/35329"}],"wp:attachment":[{"href":"https:\/\/www.wezet.de\/index.php?rest_route=%2Fwp%2Fv2%2Fmedia&parent=34623"}],"curies":[{"name":"wp","href":"https:\/\/api.w.org\/{rel}","templated":true}]}}