{"id":34462,"date":"2022-06-09T11:18:55","date_gmt":"2022-06-09T09:18:55","guid":{"rendered":"http:\/\/wezet.wezet.jit-creatives.de\/?page_id=34462"},"modified":"2022-10-12T11:27:50","modified_gmt":"2022-10-12T09:27:50","slug":"ueber-uns","status":"publish","type":"page","link":"https:\/\/www.wezet.de\/?page_id=34462","title":{"rendered":"\u00dcber uns"},"content":{"rendered":"\n<hr class=\"wp-block-separator has-alpha-channel-opacity\"\/>\n\n\n\n<h2 class=\"wp-block-heading\">Machen Sie von sich reden mit hochwertiger Werbetechnik von Wezet<\/h2>\n\n\n<div class=\"wp-block-image\">\n<figure class=\"alignleft size-full\"><img loading=\"lazy\" decoding=\"async\" width=\"500\" height=\"400\" src=\"http:\/\/wezet.wezet.jit-creatives.de\/wp-content\/uploads\/2022\/06\/grosses-geruestbanner-baustelle.jpg\" alt=\"\" class=\"wp-image-34537\" srcset=\"https:\/\/www.wezet.de\/wp-content\/uploads\/2022\/06\/grosses-geruestbanner-baustelle.jpg 500w, https:\/\/www.wezet.de\/wp-content\/uploads\/2022\/06\/grosses-geruestbanner-baustelle-300x240.jpg 300w\" sizes=\"auto, (max-width: 500px) 100vw, 500px\" \/><\/figure>\n<\/div>\n\n\n<p class=\"has-medium-font-size\">Haben Sie sich schon mal gefragt, wie Sie Werbung f\u00fcr Ihr Unternehmen am besten in die Welt hinaus tragen k\u00f6nnen? Insbesondere bei kleineren und mittelst\u00e4ndischen Unternehmen, die in einem \u00fcberschaubaren geographischen Rahmen arbeiten, trifft der Spruch &#8222;think global, but act local&#8220; zu. <br><br>Machen Sie Ihre Zielgruppe mit cleveren Ma\u00dfnahmen auf sich aufmerksam und ernten Sie damit Sympathie- und Erfolgspunkte! <br><br>Die Werbetechnik von Wezet ist dabei Ihr zuverl\u00e4ssiger Partner.<br><br><a href=\"https:\/\/wezet.werbeland-partner.com\/home\" data-type=\"URL\" data-id=\"https:\/\/wezet.werbeland-partner.com\/home\" target=\"_blank\" rel=\"noreferrer noopener\">Mehr Infos<\/a><\/p>\n\n\n\n<h2 class=\"wp-block-heading\"><br><br>Werbebanner in gestochen scharfer Optik von Wezet<\/h2>\n\n\n\n<p class=\"has-medium-font-size\">Setzen Sie die Segel auf Erfolgskurs! W\u00e4hrend Ihre Mitbewerber noch an der richtigen Taktik feilen, haben Sie bereits das Ass aus dem \u00c4rmel gezaubert: Wezet druckt Ihnen mithilfe von modernsten Drucktechnologien hochwertige&nbsp;Werbebanner, die wirklich jeden Blick auf sich ziehen.<\/p>\n\n\n\n<h2 class=\"wp-block-heading\"><br><br>Werbetechnik Fahrzeugbeschriftung: den Kundenkreis im Vorbeifahren erweitern<\/h2>\n\n\n\n<p class=\"has-medium-font-size\">Regel Nummer 1: Seien Sie immer pr\u00e4sent! Mit der ausgekl\u00fcgelten&nbsp;Fahrzeugbeschriftung&nbsp;aus unserem Druck zeigen Sie auch auf den Stra\u00dfen, wer in Ihrer Branche der kompetente Ansprechpartner ist. Und auch der bekannte&nbsp;Textildruck&nbsp;der Wezet Beschriftungsfabrik ist f\u00fcr Ihren Werbeauftritt ein Muss! T-Shirts, Hoodies oder bedruckte Jacken f\u00f6rdern unter Ihren Mitarbeitern nicht nur ein engeres Verh\u00e4ltnis zu Ihrer Marke, sondern sind auch f\u00fcr Ihre Kunden ein Erkennungsmerkmal f\u00fcr Qualit\u00e4t.<\/p>\n\n\n\n<p class=\"has-medium-font-size\">Sprechen Sie uns an, wenn Sie mehr \u00fcber einen gekonnten Werbeauftritt erfahren m\u00f6chten. Wir beraten Sie gerne detailliert pers\u00f6nlich.<br><\/p>\n\n\n\n<p><\/p>\n\n\n\n<p>Hier k\u00f6nnen Sie Kontakt mit uns aufnehmen. <br>Bitte schildern Sie kurz Ihr Anliegen und wir werden uns schnellstm\u00f6glich mit Ihnen in Verbindung setzen.<br> Ihre Daten werden nat\u00fcrlich nur bei uns weiter verarbeitet und keinesfalls weitergegeben .<\/p>\n\n\n<div class=\"wpforms-container wpforms-container-full wpforms-block\" id=\"wpforms-34804\"><form id=\"wpforms-form-34804\" class=\"wpforms-validate wpforms-form wpforms-ajax-form\" data-formid=\"34804\" method=\"post\" enctype=\"multipart\/form-data\" action=\"\/index.php?rest_route=%2Fwp%2Fv2%2Fpages%2F34462\" data-token=\"5491212c54bbfa34bc690871d44c6012\" data-token-time=\"1777538136\"><noscript class=\"wpforms-error-noscript\">Bitte aktiviere JavaScript in deinem Browser, um dieses Formular fertigzustellen.<\/noscript><div class=\"wpforms-field-container\"><div id=\"wpforms-34804-field_6-container\" class=\"wpforms-field wpforms-field-select wpforms-field-select-style-classic\" data-field-id=\"6\"><label class=\"wpforms-field-label\" for=\"wpforms-34804-field_6\">Anrede<\/label><select id=\"wpforms-34804-field_6\" class=\"wpforms-field-medium\" name=\"wpforms[fields][6]\"><option value=\"Frau\"  class=\"choice-1 depth-1\"  >Frau<\/option><option value=\"Herr\"  class=\"choice-2 depth-1\"  >Herr<\/option><option value=\"Divers\"  class=\"choice-3 depth-1\"  >Divers<\/option><\/select><\/div><div id=\"wpforms-34804-field_0-container\" class=\"wpforms-field wpforms-field-name\" data-field-id=\"0\"><label class=\"wpforms-field-label\">Name <span class=\"wpforms-required-label\">*<\/span><\/label><div class=\"wpforms-field-row wpforms-field-medium\"><div class=\"wpforms-field-row-block wpforms-first wpforms-one-half\"><input type=\"text\" id=\"wpforms-34804-field_0\" class=\"wpforms-field-name-first wpforms-field-required\" name=\"wpforms[fields][0][first]\" required><label for=\"wpforms-34804-field_0\" class=\"wpforms-field-sublabel after\">Vorname<\/label><\/div><div class=\"wpforms-field-row-block wpforms-one-half\"><input type=\"text\" id=\"wpforms-34804-field_0-last\" class=\"wpforms-field-name-last wpforms-field-required\" name=\"wpforms[fields][0][last]\" required><label for=\"wpforms-34804-field_0-last\" class=\"wpforms-field-sublabel after\">Nachname<\/label><\/div><\/div><\/div><div id=\"wpforms-34804-field_5-container\" class=\"wpforms-field wpforms-field-text\" data-field-id=\"5\"><label class=\"wpforms-field-label\" for=\"wpforms-34804-field_5\">Firma<\/label><input type=\"text\" id=\"wpforms-34804-field_5\" class=\"wpforms-field-medium\" name=\"wpforms[fields][5]\" ><\/div><div id=\"wpforms-34804-field_1-container\" class=\"wpforms-field wpforms-field-email\" data-field-id=\"1\"><label class=\"wpforms-field-label\" for=\"wpforms-34804-field_1\">E-Mail <span class=\"wpforms-required-label\">*<\/span><\/label><input type=\"email\" id=\"wpforms-34804-field_1\" class=\"wpforms-field-medium wpforms-field-required\" name=\"wpforms[fields][1]\" spellcheck=\"false\" required><\/div><div id=\"wpforms-34804-field_2-container\" class=\"wpforms-field wpforms-field-textarea\" data-field-id=\"2\"><label class=\"wpforms-field-label\" for=\"wpforms-34804-field_2\">Kommentar oder Nachricht<\/label><textarea id=\"wpforms-34804-field_2\" class=\"wpforms-field-medium\" name=\"wpforms[fields][2]\" ><\/textarea><\/div><div id=\"wpforms-34804-field_4-container\" class=\"wpforms-field wpforms-field-gdpr-checkbox\" data-field-id=\"4\"><label class=\"wpforms-field-label\">DSGVO-Einverst\u00e4ndnis <span class=\"wpforms-required-label\">*<\/span><\/label><ul id=\"wpforms-34804-field_4\" class=\"wpforms-field-required\"><li class=\"choice-1\"><input type=\"checkbox\" id=\"wpforms-34804-field_4_1\" name=\"wpforms[fields][4][]\" value=\"Ich willige ein, dass diese Website meine \u00fcbermittelten Informationen speichert, sodass meine Anfrage beantwortet werden kann.\" required ><label class=\"wpforms-field-label-inline\" for=\"wpforms-34804-field_4_1\">Ich willige ein, dass diese Website meine \u00fcbermittelten Informationen speichert, sodass meine Anfrage beantwortet werden kann.<\/label><\/li><\/ul><\/div><\/div><!-- .wpforms-field-container --><div class=\"wpforms-recaptcha-container wpforms-is-recaptcha wpforms-is-recaptcha-type-v2\" ><div class=\"g-recaptcha\" data-sitekey=\"6LcIqCUTAAAAAC5HK__hqI_1ynjffH6mY8FPMjga\"><\/div><input type=\"text\" name=\"g-recaptcha-hidden\" class=\"wpforms-recaptcha-hidden\" style=\"position:absolute!important;clip:rect(0,0,0,0)!important;height:1px!important;width:1px!important;border:0!important;overflow:hidden!important;padding:0!important;margin:0!important;\" data-rule-recaptcha=\"1\"><\/div><div class=\"wpforms-submit-container\" ><input type=\"hidden\" name=\"wpforms[id]\" value=\"34804\"><input type=\"hidden\" name=\"page_title\" value=\"\"><input type=\"hidden\" name=\"page_url\" value=\"https:\/\/www.wezet.de\/index.php?rest_route=\/wp\/v2\/pages\/34462\"><input type=\"hidden\" name=\"url_referer\" value=\"\"><button type=\"submit\" name=\"wpforms[submit]\" id=\"wpforms-submit-34804\" class=\"wpforms-submit\" data-alt-text=\"Senden\u2026\" data-submit-text=\"Absenden\" aria-live=\"assertive\" value=\"wpforms-submit\">Absenden<\/button><img loading=\"lazy\" decoding=\"async\" src=\"https:\/\/www.wezet.de\/wp-content\/plugins\/wpforms-lite\/assets\/images\/submit-spin.svg\" class=\"wpforms-submit-spinner\" style=\"display: none;\" width=\"26\" height=\"26\" alt=\"Wird geladen\"><\/div><\/form><\/div>  <!-- .wpforms-container -->\n\n\n<p><\/p>\n","protected":false},"excerpt":{"rendered":"<p>Machen Sie von sich reden mit hochwertiger Werbetechnik von Wezet Haben Sie sich schon mal gefragt, wie Sie Werbung f\u00fcr Ihr Unternehmen am besten in die Welt hinaus tragen k\u00f6nnen? Insbesondere bei kleineren und mittelst\u00e4ndischen Unternehmen, die in einem \u00fcberschaubaren geographischen Rahmen arbeiten, trifft der Spruch &#8222;think global, but act local&#8220; zu. Machen Sie Ihre [&#8230;]<\/p>\n","protected":false},"author":1,"featured_media":0,"parent":0,"menu_order":0,"comment_status":"closed","ping_status":"closed","template":"","meta":{"footnotes":""},"class_list":["post-34462","page","type-page","status-publish","hentry"],"_links":{"self":[{"href":"https:\/\/www.wezet.de\/index.php?rest_route=\/wp\/v2\/pages\/34462","targetHints":{"allow":["GET"]}}],"collection":[{"href":"https:\/\/www.wezet.de\/index.php?rest_route=\/wp\/v2\/pages"}],"about":[{"href":"https:\/\/www.wezet.de\/index.php?rest_route=\/wp\/v2\/types\/page"}],"author":[{"embeddable":true,"href":"https:\/\/www.wezet.de\/index.php?rest_route=\/wp\/v2\/users\/1"}],"replies":[{"embeddable":true,"href":"https:\/\/www.wezet.de\/index.php?rest_route=%2Fwp%2Fv2%2Fcomments&post=34462"}],"version-history":[{"count":14,"href":"https:\/\/www.wezet.de\/index.php?rest_route=\/wp\/v2\/pages\/34462\/revisions"}],"predecessor-version":[{"id":35344,"href":"https:\/\/www.wezet.de\/index.php?rest_route=\/wp\/v2\/pages\/34462\/revisions\/35344"}],"wp:attachment":[{"href":"https:\/\/www.wezet.de\/index.php?rest_route=%2Fwp%2Fv2%2Fmedia&parent=34462"}],"curies":[{"name":"wp","href":"https:\/\/api.w.org\/{rel}","templated":true}]}}