{"id":34454,"date":"2022-06-09T11:17:48","date_gmt":"2022-06-09T09:17:48","guid":{"rendered":"http:\/\/wezet.wezet.jit-creatives.de\/?page_id=34454"},"modified":"2025-08-04T12:16:42","modified_gmt":"2025-08-04T10:16:42","slug":"impressum","status":"publish","type":"page","link":"https:\/\/www.wezet.de\/?page_id=34454","title":{"rendered":"Impressum"},"content":{"rendered":"\n<h2 class=\"wp-block-heading\">Wezet Beschriftungsfabrik<\/h2>\n\n\n\n<p>Walter Zeug GmbH<br>Industriestra\u00dfe 17<br>71706 Unterriexingen<br>Deutschland<\/p>\n\n\n\n<p>Telefon: +49 (0)7147\/237-700<br>Fax: +49 (0)7147\/237-41<br>Web:&nbsp;<a href=\"https:\/\/www.wezet.de\/\">https:\/\/www.wezet.de<\/a><br>E-Mail:&nbsp;<a href=\"https:\/\/www.wezet.de\/impressum\/#\">info@wezet.de<\/a><\/p>\n\n\n\n<p>Gesch\u00e4ftsf\u00fchrerin: Antje Zeug-Bader<br>Inhaberin:&nbsp;Antje Zeug-Bader<\/p>\n\n\n\n<p>Inhaltlich verantwortlich gem\u00e4\u00df \u00a7 5 TMG:<\/p>\n\n\n\n<p>Inhalt. Verantwortliche:&nbsp;Antje Zeug-Bader<br>Registergericht: Ludwigsburg<br>Registernummer: HRB 201462 AG LB<\/p>\n\n\n\n<p>Zust\u00e4ndiges Finanzamt: Ludwigsburg<br>Steuernummer: 71364\/02002<br>USt-IdNr.: DE.811294767<\/p>\n\n\n\n<p><\/p>\n","protected":false},"excerpt":{"rendered":"<p>Wezet Beschriftungsfabrik Walter Zeug GmbHIndustriestra\u00dfe 1771706 UnterriexingenDeutschland Telefon: +49 (0)7147\/237-700Fax: +49 (0)7147\/237-41Web:&nbsp;https:\/\/www.wezet.deE-Mail:&nbsp;info@wezet.de Gesch\u00e4ftsf\u00fchrerin: Antje Zeug-BaderInhaberin:&nbsp;Antje Zeug-Bader Inhaltlich verantwortlich gem\u00e4\u00df \u00a7 5 TMG: Inhalt. Verantwortliche:&nbsp;Antje Zeug-BaderRegistergericht: LudwigsburgRegisternummer: HRB 201462 AG LB Zust\u00e4ndiges Finanzamt: LudwigsburgSteuernummer: 71364\/02002USt-IdNr.: DE.811294767<\/p>\n","protected":false},"author":1,"featured_media":0,"parent":0,"menu_order":0,"comment_status":"closed","ping_status":"closed","template":"","meta":{"footnotes":""},"class_list":["post-34454","page","type-page","status-publish","hentry"],"_links":{"self":[{"href":"https:\/\/www.wezet.de\/index.php?rest_route=\/wp\/v2\/pages\/34454","targetHints":{"allow":["GET"]}}],"collection":[{"href":"https:\/\/www.wezet.de\/index.php?rest_route=\/wp\/v2\/pages"}],"about":[{"href":"https:\/\/www.wezet.de\/index.php?rest_route=\/wp\/v2\/types\/page"}],"author":[{"embeddable":true,"href":"https:\/\/www.wezet.de\/index.php?rest_route=\/wp\/v2\/users\/1"}],"replies":[{"embeddable":true,"href":"https:\/\/www.wezet.de\/index.php?rest_route=%2Fwp%2Fv2%2Fcomments&post=34454"}],"version-history":[{"count":5,"href":"https:\/\/www.wezet.de\/index.php?rest_route=\/wp\/v2\/pages\/34454\/revisions"}],"predecessor-version":[{"id":35747,"href":"https:\/\/www.wezet.de\/index.php?rest_route=\/wp\/v2\/pages\/34454\/revisions\/35747"}],"wp:attachment":[{"href":"https:\/\/www.wezet.de\/index.php?rest_route=%2Fwp%2Fv2%2Fmedia&parent=34454"}],"curies":[{"name":"wp","href":"https:\/\/api.w.org\/{rel}","templated":true}]}}